{"id":2607,"date":"2026-04-16T16:59:48","date_gmt":"2026-04-16T14:59:48","guid":{"rendered":"https:\/\/www.sirius-laser.fr\/?page_id=2607"},"modified":"2026-04-16T17:39:47","modified_gmt":"2026-04-16T15:39:47","slug":"graffitis","status":"publish","type":"page","link":"https:\/\/www.sirius-laser.fr\/index.php\/graffitis\/","title":{"rendered":"Graffitis"},"content":{"rendered":"\t\t<div data-elementor-type=\"wp-page\" data-elementor-id=\"2607\" class=\"elementor elementor-2607\">\n\t\t\t\t<div class=\"elementor-element elementor-element-9f332a4 e-grid e-con-boxed e-con e-parent\" data-id=\"9f332a4\" data-element_type=\"container\" data-e-type=\"container\">\n\t\t\t\t\t<div class=\"e-con-inner\">\n\t\t\t\t<div class=\"elementor-element elementor-element-26a0c13 elementor-widget elementor-widget-image\" data-id=\"26a0c13\" data-element_type=\"widget\" data-e-type=\"widget\" data-widget_type=\"image.default\">\n\t\t\t\t<div class=\"elementor-widget-container\">\n\t\t\t\t\t\t\t\t\t\t\t\t<figure class=\"wp-caption\">\n\t\t\t\t\t\t\t\t\t\t\t<a href=\"https:\/\/www.sirius-laser.fr\/wp-content\/uploads\/2025\/07\/WhatsApp-Image-2025-07-09-a-21.09.25_307ecace.jpg\" data-elementor-open-lightbox=\"yes\" data-elementor-lightbox-title=\"WhatsApp Image 2025-07-09 \u00e0 21.09.25_307ecace\" data-e-action-hash=\"#elementor-action%3Aaction%3Dlightbox%26settings%3DeyJpZCI6MjE5NiwidXJsIjoiaHR0cHM6XC9cL3d3dy5zaXJpdXMtbGFzZXIuZnJcL3dwLWNvbnRlbnRcL3VwbG9hZHNcLzIwMjVcLzA3XC9XaGF0c0FwcC1JbWFnZS0yMDI1LTA3LTA5LWEtMjEuMDkuMjVfMzA3ZWNhY2UuanBnIn0%3D\">\n\t\t\t\t\t\t\t<img decoding=\"async\" width=\"150\" height=\"150\" src=\"https:\/\/www.sirius-laser.fr\/wp-content\/uploads\/2025\/07\/WhatsApp-Image-2025-07-09-a-21.09.25_307ecace-150x150.jpg\" class=\"attachment-thumbnail size-thumbnail wp-image-2196\" alt=\"\" \/>\t\t\t\t\t\t\t\t<\/a>\n\t\t\t\t\t\t\t\t\t\t\t<figcaption class=\"widget-image-caption wp-caption-text\">Interventions s\u00e9curis\u00e9es en milieu urbain<\/figcaption>\n\t\t\t\t\t\t\t\t\t\t<\/figure>\n\t\t\t\t\t\t\t\t\t<\/div>\n\t\t\t\t<\/div>\n\t\t\t\t<div class=\"elementor-element elementor-element-9acddde elementor-widget elementor-widget-image\" data-id=\"9acddde\" data-element_type=\"widget\" data-e-type=\"widget\" data-widget_type=\"image.default\">\n\t\t\t\t<div class=\"elementor-widget-container\">\n\t\t\t\t\t\t\t\t\t\t\t\t<figure class=\"wp-caption\">\n\t\t\t\t\t\t\t\t\t\t\t<a href=\"https:\/\/www.sirius-laser.fr\/wp-content\/uploads\/2025\/07\/WhatsApp-Image-2025-07-10-a-04.10.28_bfcf2ae5.jpg\" data-elementor-open-lightbox=\"yes\" data-elementor-lightbox-title=\"WhatsApp Image 2025-07-10 \u00e0 04.10.28_bfcf2ae5\" data-e-action-hash=\"#elementor-action%3Aaction%3Dlightbox%26settings%3DeyJpZCI6MjE5NywidXJsIjoiaHR0cHM6XC9cL3d3dy5zaXJpdXMtbGFzZXIuZnJcL3dwLWNvbnRlbnRcL3VwbG9hZHNcLzIwMjVcLzA3XC9XaGF0c0FwcC1JbWFnZS0yMDI1LTA3LTEwLWEtMDQuMTAuMjhfYmZjZjJhZTUuanBnIn0%3D\">\n\t\t\t\t\t\t\t<img decoding=\"async\" width=\"150\" height=\"150\" src=\"https:\/\/www.sirius-laser.fr\/wp-content\/uploads\/2025\/07\/WhatsApp-Image-2025-07-10-a-04.10.28_bfcf2ae5-150x150.jpg\" class=\"attachment-thumbnail size-thumbnail wp-image-2197\" alt=\"\" \/>\t\t\t\t\t\t\t\t<\/a>\n\t\t\t\t\t\t\t\t\t\t\t<figcaption class=\"widget-image-caption wp-caption-text\">Mobilier urbain<\/figcaption>\n\t\t\t\t\t\t\t\t\t\t<\/figure>\n\t\t\t\t\t\t\t\t\t<\/div>\n\t\t\t\t<\/div>\n\t\t\t\t<div class=\"elementor-element elementor-element-5e1c59a elementor-widget elementor-widget-image\" data-id=\"5e1c59a\" data-element_type=\"widget\" data-e-type=\"widget\" data-widget_type=\"image.default\">\n\t\t\t\t<div class=\"elementor-widget-container\">\n\t\t\t\t\t\t\t\t\t\t\t\t<figure class=\"wp-caption\">\n\t\t\t\t\t\t\t\t\t\t\t<a href=\"https:\/\/www.sirius-laser.fr\/wp-content\/uploads\/2025\/05\/20250324_150821.jpg\" data-elementor-open-lightbox=\"yes\" data-elementor-lightbox-title=\"20250324_150821\" data-e-action-hash=\"#elementor-action%3Aaction%3Dlightbox%26settings%3DeyJpZCI6MjE3NCwidXJsIjoiaHR0cHM6XC9cL3d3dy5zaXJpdXMtbGFzZXIuZnJcL3dwLWNvbnRlbnRcL3VwbG9hZHNcLzIwMjVcLzA1XC8yMDI1MDMyNF8xNTA4MjEuanBnIn0%3D\">\n\t\t\t\t\t\t\t<img decoding=\"async\" width=\"150\" height=\"150\" src=\"https:\/\/www.sirius-laser.fr\/wp-content\/uploads\/2025\/05\/20250324_150821-150x150.jpg\" class=\"attachment-thumbnail size-thumbnail wp-image-2174\" alt=\"\" \/>\t\t\t\t\t\t\t\t<\/a>\n\t\t\t\t\t\t\t\t\t\t\t<figcaption class=\"widget-image-caption wp-caption-text\">Vandalisme<\/figcaption>\n\t\t\t\t\t\t\t\t\t\t<\/figure>\n\t\t\t\t\t\t\t\t\t<\/div>\n\t\t\t\t<\/div>\n\t\t\t\t<div class=\"elementor-element elementor-element-d98013c elementor-widget elementor-widget-image\" data-id=\"d98013c\" data-element_type=\"widget\" data-e-type=\"widget\" data-widget_type=\"image.default\">\n\t\t\t\t<div class=\"elementor-widget-container\">\n\t\t\t\t\t\t\t\t\t\t\t\t<figure class=\"wp-caption\">\n\t\t\t\t\t\t\t\t\t\t\t<a href=\"https:\/\/www.sirius-laser.fr\/wp-content\/uploads\/2025\/05\/20250509_172410.jpg\" data-elementor-open-lightbox=\"yes\" data-elementor-lightbox-title=\"20250509_172410\" data-e-action-hash=\"#elementor-action%3Aaction%3Dlightbox%26settings%3DeyJpZCI6MjE3NiwidXJsIjoiaHR0cHM6XC9cL3d3dy5zaXJpdXMtbGFzZXIuZnJcL3dwLWNvbnRlbnRcL3VwbG9hZHNcLzIwMjVcLzA1XC8yMDI1MDUwOV8xNzI0MTAuanBnIn0%3D\">\n\t\t\t\t\t\t\t<img loading=\"lazy\" decoding=\"async\" width=\"150\" height=\"150\" src=\"https:\/\/www.sirius-laser.fr\/wp-content\/uploads\/2025\/05\/20250509_172410-150x150.jpg\" class=\"attachment-thumbnail size-thumbnail wp-image-2176\" alt=\"\" \/>\t\t\t\t\t\t\t\t<\/a>\n\t\t\t\t\t\t\t\t\t\t\t<figcaption class=\"widget-image-caption wp-caption-text\">Apr\u00e9s intervention<\/figcaption>\n\t\t\t\t\t\t\t\t\t\t<\/figure>\n\t\t\t\t\t\t\t\t\t<\/div>\n\t\t\t\t<\/div>\n\t\t\t\t<div class=\"elementor-element elementor-element-7c4de99 elementor-widget elementor-widget-image\" data-id=\"7c4de99\" data-element_type=\"widget\" data-e-type=\"widget\" data-widget_type=\"image.default\">\n\t\t\t\t<div class=\"elementor-widget-container\">\n\t\t\t\t\t\t\t\t\t\t\t\t<figure class=\"wp-caption\">\n\t\t\t\t\t\t\t\t\t\t\t<a href=\"https:\/\/www.sirius-laser.fr\/wp-content\/uploads\/2024\/11\/20241108_154050b.jpg\" data-elementor-open-lightbox=\"yes\" data-elementor-lightbox-title=\"20241108_154050b\" data-e-action-hash=\"#elementor-action%3Aaction%3Dlightbox%26settings%3DeyJpZCI6MjA0NywidXJsIjoiaHR0cHM6XC9cL3d3dy5zaXJpdXMtbGFzZXIuZnJcL3dwLWNvbnRlbnRcL3VwbG9hZHNcLzIwMjRcLzExXC8yMDI0MTEwOF8xNTQwNTBiLmpwZyJ9\">\n\t\t\t\t\t\t\t<img loading=\"lazy\" decoding=\"async\" width=\"150\" height=\"150\" src=\"https:\/\/www.sirius-laser.fr\/wp-content\/uploads\/2024\/11\/20241108_154050b-150x150.jpg\" class=\"attachment-thumbnail size-thumbnail wp-image-2047\" alt=\"\" \/>\t\t\t\t\t\t\t\t<\/a>\n\t\t\t\t\t\t\t\t\t\t\t<figcaption class=\"widget-image-caption wp-caption-text\">Skate Park<\/figcaption>\n\t\t\t\t\t\t\t\t\t\t<\/figure>\n\t\t\t\t\t\t\t\t\t<\/div>\n\t\t\t\t<\/div>\n\t\t\t\t<div class=\"elementor-element elementor-element-7d7dfb8 elementor-widget elementor-widget-image\" data-id=\"7d7dfb8\" data-element_type=\"widget\" data-e-type=\"widget\" data-widget_type=\"image.default\">\n\t\t\t\t<div class=\"elementor-widget-container\">\n\t\t\t\t\t\t\t\t\t\t\t\t<figure class=\"wp-caption\">\n\t\t\t\t\t\t\t\t\t\t\t<a href=\"https:\/\/www.sirius-laser.fr\/wp-content\/uploads\/2024\/11\/20241108_161352bis.jpg\" data-elementor-open-lightbox=\"yes\" data-elementor-lightbox-title=\"20241108_161352bis\" data-e-action-hash=\"#elementor-action%3Aaction%3Dlightbox%26settings%3DeyJpZCI6MjA0OCwidXJsIjoiaHR0cHM6XC9cL3d3dy5zaXJpdXMtbGFzZXIuZnJcL3dwLWNvbnRlbnRcL3VwbG9hZHNcLzIwMjRcLzExXC8yMDI0MTEwOF8xNjEzNTJiaXMuanBnIn0%3D\">\n\t\t\t\t\t\t\t<img loading=\"lazy\" decoding=\"async\" width=\"150\" height=\"150\" src=\"https:\/\/www.sirius-laser.fr\/wp-content\/uploads\/2024\/11\/20241108_161352bis-150x150.jpg\" class=\"attachment-thumbnail size-thumbnail wp-image-2048\" alt=\"\" \/>\t\t\t\t\t\t\t\t<\/a>\n\t\t\t\t\t\t\t\t\t\t\t<figcaption class=\"widget-image-caption wp-caption-text\">Apr\u00e8s intervention<\/figcaption>\n\t\t\t\t\t\t\t\t\t\t<\/figure>\n\t\t\t\t\t\t\t\t\t<\/div>\n\t\t\t\t<\/div>\n\t\t\t\t\t<\/div>\n\t\t\t\t<\/div>\n\t\t<div class=\"elementor-element elementor-element-fec1f95 e-flex e-con-boxed e-con e-parent\" data-id=\"fec1f95\" data-element_type=\"container\" data-e-type=\"container\">\n\t\t\t\t\t<div class=\"e-con-inner\">\n\t\t\t\t<div class=\"elementor-element elementor-element-be6d8a5 elementor-align-center elementor-widget elementor-widget-button\" data-id=\"be6d8a5\" data-element_type=\"widget\" data-e-type=\"widget\" data-widget_type=\"button.default\">\n\t\t\t\t<div class=\"elementor-widget-container\">\n\t\t\t\t\t\t\t\t\t<div class=\"elementor-button-wrapper\">\n\t\t\t\t\t<a class=\"elementor-button elementor-button-link elementor-size-sm\" href=\"https:\/\/www.instagram.com\/sirius_laser.fr\/?hl=fr\" target=\"_blank\">\n\t\t\t\t\t\t<span class=\"elementor-button-content-wrapper\">\n\t\t\t\t\t\t<span class=\"elementor-button-icon\">\n\t\t\t\t<svg aria-hidden=\"true\" class=\"e-font-icon-svg e-fab-instagram\" viewBox=\"0 0 448 512\" xmlns=\"http:\/\/www.w3.org\/2000\/svg\"><path d=\"M224.1 141c-63.6 0-114.9 51.3-114.9 114.9s51.3 114.9 114.9 114.9S339 319.5 339 255.9 287.7 141 224.1 141zm0 189.6c-41.1 0-74.7-33.5-74.7-74.7s33.5-74.7 74.7-74.7 74.7 33.5 74.7 74.7-33.6 74.7-74.7 74.7zm146.4-194.3c0 14.9-12 26.8-26.8 26.8-14.9 0-26.8-12-26.8-26.8s12-26.8 26.8-26.8 26.8 12 26.8 26.8zm76.1 27.2c-1.7-35.9-9.9-67.7-36.2-93.9-26.2-26.2-58-34.4-93.9-36.2-37-2.1-147.9-2.1-184.9 0-35.8 1.7-67.6 9.9-93.9 36.1s-34.4 58-36.2 93.9c-2.1 37-2.1 147.9 0 184.9 1.7 35.9 9.9 67.7 36.2 93.9s58 34.4 93.9 36.2c37 2.1 147.9 2.1 184.9 0 35.9-1.7 67.7-9.9 93.9-36.2 26.2-26.2 34.4-58 36.2-93.9 2.1-37 2.1-147.8 0-184.8zM398.8 388c-7.8 19.6-22.9 34.7-42.6 42.6-29.5 11.7-99.5 9-132.1 9s-102.7 2.6-132.1-9c-19.6-7.8-34.7-22.9-42.6-42.6-11.7-29.5-9-99.5-9-132.1s-2.6-102.7 9-132.1c7.8-19.6 22.9-34.7 42.6-42.6 29.5-11.7 99.5-9 132.1-9s102.7-2.6 132.1 9c19.6 7.8 34.7 22.9 42.6 42.6 11.7 29.5 9 99.5 9 132.1s2.7 102.7-9 132.1z\"><\/path><\/svg>\t\t\t<\/span>\n\t\t\t\t\t\t\t\t\t<span class=\"elementor-button-text\">Vid\u00e9os de d\u00e9monstration et notre actualit\u00e9 sur Instagram : cliquez ici<\/span>\n\t\t\t\t\t<\/span>\n\t\t\t\t\t<\/a>\n\t\t\t\t<\/div>\n\t\t\t\t\t\t\t\t<\/div>\n\t\t\t\t<\/div>\n\t\t\t\t\t<\/div>\n\t\t\t\t<\/div>\n\t\t\t\t<\/div>\n\t\t","protected":false},"excerpt":{"rendered":"<p>Interventions s\u00e9curis\u00e9es en milieu urbain Mobilier urbain Vandalisme Apr\u00e9s intervention Skate Park Apr\u00e8s intervention Vid\u00e9os de d\u00e9monstration et notre actualit\u00e9 sur Instagram : cliquez ici<\/p>\n","protected":false},"author":1,"featured_media":0,"parent":0,"menu_order":0,"comment_status":"closed","ping_status":"closed","template":"","meta":{"footnotes":""},"class_list":["post-2607","page","type-page","status-publish","hentry"],"_links":{"self":[{"href":"https:\/\/www.sirius-laser.fr\/index.php\/wp-json\/wp\/v2\/pages\/2607","targetHints":{"allow":["GET"]}}],"collection":[{"href":"https:\/\/www.sirius-laser.fr\/index.php\/wp-json\/wp\/v2\/pages"}],"about":[{"href":"https:\/\/www.sirius-laser.fr\/index.php\/wp-json\/wp\/v2\/types\/page"}],"author":[{"embeddable":true,"href":"https:\/\/www.sirius-laser.fr\/index.php\/wp-json\/wp\/v2\/users\/1"}],"replies":[{"embeddable":true,"href":"https:\/\/www.sirius-laser.fr\/index.php\/wp-json\/wp\/v2\/comments?post=2607"}],"version-history":[{"count":7,"href":"https:\/\/www.sirius-laser.fr\/index.php\/wp-json\/wp\/v2\/pages\/2607\/revisions"}],"predecessor-version":[{"id":2622,"href":"https:\/\/www.sirius-laser.fr\/index.php\/wp-json\/wp\/v2\/pages\/2607\/revisions\/2622"}],"wp:attachment":[{"href":"https:\/\/www.sirius-laser.fr\/index.php\/wp-json\/wp\/v2\/media?parent=2607"}],"curies":[{"name":"wp","href":"https:\/\/api.w.org\/{rel}","templated":true}]}}