{"id":2603,"date":"2026-04-16T16:59:26","date_gmt":"2026-04-16T14:59:26","guid":{"rendered":"https:\/\/www.sirius-laser.fr\/?page_id=2603"},"modified":"2026-04-16T18:59:42","modified_gmt":"2026-04-16T16:59:42","slug":"patrimoine","status":"publish","type":"page","link":"https:\/\/www.sirius-laser.fr\/index.php\/patrimoine\/","title":{"rendered":"Patrimoine"},"content":{"rendered":"\t\t<div data-elementor-type=\"wp-page\" data-elementor-id=\"2603\" class=\"elementor elementor-2603\">\n\t\t\t\t<div class=\"elementor-element elementor-element-157309c e-grid e-con-boxed e-con e-parent\" data-id=\"157309c\" data-element_type=\"container\" data-e-type=\"container\">\n\t\t\t\t\t<div class=\"e-con-inner\">\n\t\t\t\t<div class=\"elementor-element elementor-element-efd1f67 elementor-widget elementor-widget-image\" data-id=\"efd1f67\" data-element_type=\"widget\" data-e-type=\"widget\" data-widget_type=\"image.default\">\n\t\t\t\t<div class=\"elementor-widget-container\">\n\t\t\t\t\t\t\t\t\t\t\t\t<figure class=\"wp-caption\">\n\t\t\t\t\t\t\t\t\t\t\t<a href=\"https:\/\/www.sirius-laser.fr\/wp-content\/uploads\/2026\/02\/20260226_171222-rotated.jpg\" data-elementor-open-lightbox=\"yes\" data-elementor-lightbox-title=\"20260226_171222\" data-e-action-hash=\"#elementor-action%3Aaction%3Dlightbox%26settings%3DeyJpZCI6MjMzNSwidXJsIjoiaHR0cHM6XC9cL3d3dy5zaXJpdXMtbGFzZXIuZnJcL3dwLWNvbnRlbnRcL3VwbG9hZHNcLzIwMjZcLzAyXC8yMDI2MDIyNl8xNzEyMjItcm90YXRlZC5qcGcifQ%3D%3D\">\n\t\t\t\t\t\t\t<img fetchpriority=\"high\" decoding=\"async\" width=\"768\" height=\"1024\" src=\"https:\/\/www.sirius-laser.fr\/wp-content\/uploads\/2026\/02\/20260226_171222-768x1024.jpg\" class=\"attachment-large size-large wp-image-2335\" alt=\"\" srcset=\"https:\/\/www.sirius-laser.fr\/wp-content\/uploads\/2026\/02\/20260226_171222-768x1024.jpg 768w, https:\/\/www.sirius-laser.fr\/wp-content\/uploads\/2026\/02\/20260226_171222-225x300.jpg 225w, https:\/\/www.sirius-laser.fr\/wp-content\/uploads\/2026\/02\/20260226_171222-1152x1536.jpg 1152w, https:\/\/www.sirius-laser.fr\/wp-content\/uploads\/2026\/02\/20260226_171222-1000x1333.jpg 1000w, https:\/\/www.sirius-laser.fr\/wp-content\/uploads\/2026\/02\/20260226_171222-230x307.jpg 230w, https:\/\/www.sirius-laser.fr\/wp-content\/uploads\/2026\/02\/20260226_171222-350x467.jpg 350w, https:\/\/www.sirius-laser.fr\/wp-content\/uploads\/2026\/02\/20260226_171222-480x640.jpg 480w, https:\/\/www.sirius-laser.fr\/wp-content\/uploads\/2026\/02\/20260226_171222-rotated.jpg 1221w\" sizes=\"(max-width: 768px) 100vw, 768px\" \/>\t\t\t\t\t\t\t\t<\/a>\n\t\t\t\t\t\t\t\t\t\t\t<figcaption class=\"widget-image-caption wp-caption-text\">Chemin\u00e9e XVIIIe<\/figcaption>\n\t\t\t\t\t\t\t\t\t\t<\/figure>\n\t\t\t\t\t\t\t\t\t<\/div>\n\t\t\t\t<\/div>\n\t\t\t\t<div class=\"elementor-element elementor-element-54a3ecf elementor-widget elementor-widget-image\" data-id=\"54a3ecf\" data-element_type=\"widget\" data-e-type=\"widget\" data-widget_type=\"image.default\">\n\t\t\t\t<div class=\"elementor-widget-container\">\n\t\t\t\t\t\t\t\t\t\t\t\t<figure class=\"wp-caption\">\n\t\t\t\t\t\t\t\t\t\t\t<a href=\"https:\/\/www.sirius-laser.fr\/wp-content\/uploads\/2026\/02\/20260224_154237-rotated.jpg\" data-elementor-open-lightbox=\"yes\" data-elementor-lightbox-title=\"20260224_154237\" data-e-action-hash=\"#elementor-action%3Aaction%3Dlightbox%26settings%3DeyJpZCI6MjMyOSwidXJsIjoiaHR0cHM6XC9cL3d3dy5zaXJpdXMtbGFzZXIuZnJcL3dwLWNvbnRlbnRcL3VwbG9hZHNcLzIwMjZcLzAyXC8yMDI2MDIyNF8xNTQyMzctcm90YXRlZC5qcGcifQ%3D%3D\">\n\t\t\t\t\t\t\t<img decoding=\"async\" width=\"768\" height=\"1024\" src=\"https:\/\/www.sirius-laser.fr\/wp-content\/uploads\/2026\/02\/20260224_154237-768x1024.jpg\" class=\"attachment-large size-large wp-image-2329\" alt=\"\" srcset=\"https:\/\/www.sirius-laser.fr\/wp-content\/uploads\/2026\/02\/20260224_154237-768x1024.jpg 768w, https:\/\/www.sirius-laser.fr\/wp-content\/uploads\/2026\/02\/20260224_154237-225x300.jpg 225w, https:\/\/www.sirius-laser.fr\/wp-content\/uploads\/2026\/02\/20260224_154237-1000x1333.jpg 1000w, https:\/\/www.sirius-laser.fr\/wp-content\/uploads\/2026\/02\/20260224_154237-230x307.jpg 230w, https:\/\/www.sirius-laser.fr\/wp-content\/uploads\/2026\/02\/20260224_154237-350x467.jpg 350w, https:\/\/www.sirius-laser.fr\/wp-content\/uploads\/2026\/02\/20260224_154237-480x640.jpg 480w, https:\/\/www.sirius-laser.fr\/wp-content\/uploads\/2026\/02\/20260224_154237-rotated.jpg 1101w\" sizes=\"(max-width: 768px) 100vw, 768px\" \/>\t\t\t\t\t\t\t\t<\/a>\n\t\t\t\t\t\t\t\t\t\t\t<figcaption class=\"widget-image-caption wp-caption-text\">Chemin\u00e9e XVIIIe<\/figcaption>\n\t\t\t\t\t\t\t\t\t\t<\/figure>\n\t\t\t\t\t\t\t\t\t<\/div>\n\t\t\t\t<\/div>\n\t\t\t\t<div class=\"elementor-element elementor-element-65013cb elementor-widget elementor-widget-image\" data-id=\"65013cb\" data-element_type=\"widget\" data-e-type=\"widget\" data-widget_type=\"image.default\">\n\t\t\t\t<div class=\"elementor-widget-container\">\n\t\t\t\t\t\t\t\t\t\t\t\t<figure class=\"wp-caption\">\n\t\t\t\t\t\t\t\t\t\t\t<a href=\"https:\/\/www.sirius-laser.fr\/wp-content\/uploads\/2026\/02\/20260226_115540-rotated.jpg\" data-elementor-open-lightbox=\"yes\" data-elementor-lightbox-title=\"20260226_115540\" data-e-action-hash=\"#elementor-action%3Aaction%3Dlightbox%26settings%3DeyJpZCI6MjMzMywidXJsIjoiaHR0cHM6XC9cL3d3dy5zaXJpdXMtbGFzZXIuZnJcL3dwLWNvbnRlbnRcL3VwbG9hZHNcLzIwMjZcLzAyXC8yMDI2MDIyNl8xMTU1NDAtcm90YXRlZC5qcGcifQ%3D%3D\">\n\t\t\t\t\t\t\t<img decoding=\"async\" width=\"768\" height=\"1024\" src=\"https:\/\/www.sirius-laser.fr\/wp-content\/uploads\/2026\/02\/20260226_115540-768x1024.jpg\" class=\"attachment-large size-large wp-image-2333\" alt=\"\" srcset=\"https:\/\/www.sirius-laser.fr\/wp-content\/uploads\/2026\/02\/20260226_115540-768x1024.jpg 768w, https:\/\/www.sirius-laser.fr\/wp-content\/uploads\/2026\/02\/20260226_115540-225x300.jpg 225w, https:\/\/www.sirius-laser.fr\/wp-content\/uploads\/2026\/02\/20260226_115540-1152x1536.jpg 1152w, https:\/\/www.sirius-laser.fr\/wp-content\/uploads\/2026\/02\/20260226_115540-1000x1333.jpg 1000w, https:\/\/www.sirius-laser.fr\/wp-content\/uploads\/2026\/02\/20260226_115540-230x307.jpg 230w, https:\/\/www.sirius-laser.fr\/wp-content\/uploads\/2026\/02\/20260226_115540-350x467.jpg 350w, https:\/\/www.sirius-laser.fr\/wp-content\/uploads\/2026\/02\/20260226_115540-480x640.jpg 480w, https:\/\/www.sirius-laser.fr\/wp-content\/uploads\/2026\/02\/20260226_115540-rotated.jpg 1383w\" sizes=\"(max-width: 768px) 100vw, 768px\" \/>\t\t\t\t\t\t\t\t<\/a>\n\t\t\t\t\t\t\t\t\t\t\t<figcaption class=\"widget-image-caption wp-caption-text\">Chemin\u00e9e XVIIIe<\/figcaption>\n\t\t\t\t\t\t\t\t\t\t<\/figure>\n\t\t\t\t\t\t\t\t\t<\/div>\n\t\t\t\t<\/div>\n\t\t\t\t<div class=\"elementor-element elementor-element-ecb472b elementor-widget elementor-widget-image\" data-id=\"ecb472b\" data-element_type=\"widget\" data-e-type=\"widget\" data-widget_type=\"image.default\">\n\t\t\t\t<div class=\"elementor-widget-container\">\n\t\t\t\t\t\t\t\t\t\t\t\t<figure class=\"wp-caption\">\n\t\t\t\t\t\t\t\t\t\t\t<a href=\"https:\/\/www.sirius-laser.fr\/wp-content\/uploads\/2026\/02\/20260226_115619-rotated.jpg\" data-elementor-open-lightbox=\"yes\" data-elementor-lightbox-title=\"20260226_115619\" data-e-action-hash=\"#elementor-action%3Aaction%3Dlightbox%26settings%3DeyJpZCI6MjMzNCwidXJsIjoiaHR0cHM6XC9cL3d3dy5zaXJpdXMtbGFzZXIuZnJcL3dwLWNvbnRlbnRcL3VwbG9hZHNcLzIwMjZcLzAyXC8yMDI2MDIyNl8xMTU2MTktcm90YXRlZC5qcGcifQ%3D%3D\">\n\t\t\t\t\t\t\t<img loading=\"lazy\" decoding=\"async\" width=\"768\" height=\"1024\" src=\"https:\/\/www.sirius-laser.fr\/wp-content\/uploads\/2026\/02\/20260226_115619-768x1024.jpg\" class=\"attachment-large size-large wp-image-2334\" alt=\"\" srcset=\"https:\/\/www.sirius-laser.fr\/wp-content\/uploads\/2026\/02\/20260226_115619-768x1024.jpg 768w, https:\/\/www.sirius-laser.fr\/wp-content\/uploads\/2026\/02\/20260226_115619-225x300.jpg 225w, https:\/\/www.sirius-laser.fr\/wp-content\/uploads\/2026\/02\/20260226_115619-1152x1536.jpg 1152w, https:\/\/www.sirius-laser.fr\/wp-content\/uploads\/2026\/02\/20260226_115619-1000x1333.jpg 1000w, https:\/\/www.sirius-laser.fr\/wp-content\/uploads\/2026\/02\/20260226_115619-230x307.jpg 230w, https:\/\/www.sirius-laser.fr\/wp-content\/uploads\/2026\/02\/20260226_115619-350x467.jpg 350w, https:\/\/www.sirius-laser.fr\/wp-content\/uploads\/2026\/02\/20260226_115619-480x640.jpg 480w, https:\/\/www.sirius-laser.fr\/wp-content\/uploads\/2026\/02\/20260226_115619-rotated.jpg 1389w\" sizes=\"(max-width: 768px) 100vw, 768px\" \/>\t\t\t\t\t\t\t\t<\/a>\n\t\t\t\t\t\t\t\t\t\t\t<figcaption class=\"widget-image-caption wp-caption-text\">Chemin\u00e9e XVIIIe<\/figcaption>\n\t\t\t\t\t\t\t\t\t\t<\/figure>\n\t\t\t\t\t\t\t\t\t<\/div>\n\t\t\t\t<\/div>\n\t\t\t\t<div class=\"elementor-element elementor-element-e37bb74 elementor-widget elementor-widget-image\" data-id=\"e37bb74\" data-element_type=\"widget\" data-e-type=\"widget\" data-widget_type=\"image.default\">\n\t\t\t\t<div class=\"elementor-widget-container\">\n\t\t\t\t\t\t\t\t\t\t\t\t<figure class=\"wp-caption\">\n\t\t\t\t\t\t\t\t\t\t\t<a href=\"https:\/\/www.sirius-laser.fr\/wp-content\/uploads\/2025\/06\/20250603_163311-scaled.jpg\" data-elementor-open-lightbox=\"yes\" data-elementor-lightbox-title=\"20250603_163311\" data-e-action-hash=\"#elementor-action%3Aaction%3Dlightbox%26settings%3DeyJpZCI6MjE4NiwidXJsIjoiaHR0cHM6XC9cL3d3dy5zaXJpdXMtbGFzZXIuZnJcL3dwLWNvbnRlbnRcL3VwbG9hZHNcLzIwMjVcLzA2XC8yMDI1MDYwM18xNjMzMTEtc2NhbGVkLmpwZyJ9\">\n\t\t\t\t\t\t\t<img loading=\"lazy\" decoding=\"async\" width=\"768\" height=\"1024\" src=\"https:\/\/www.sirius-laser.fr\/wp-content\/uploads\/2025\/06\/20250603_163311-768x1024.jpg\" class=\"attachment-large size-large wp-image-2186\" alt=\"\" srcset=\"https:\/\/www.sirius-laser.fr\/wp-content\/uploads\/2025\/06\/20250603_163311-768x1024.jpg 768w, https:\/\/www.sirius-laser.fr\/wp-content\/uploads\/2025\/06\/20250603_163311-225x300.jpg 225w, https:\/\/www.sirius-laser.fr\/wp-content\/uploads\/2025\/06\/20250603_163311-1152x1536.jpg 1152w, https:\/\/www.sirius-laser.fr\/wp-content\/uploads\/2025\/06\/20250603_163311-1536x2048.jpg 1536w, https:\/\/www.sirius-laser.fr\/wp-content\/uploads\/2025\/06\/20250603_163311-1000x1333.jpg 1000w, https:\/\/www.sirius-laser.fr\/wp-content\/uploads\/2025\/06\/20250603_163311-230x307.jpg 230w, https:\/\/www.sirius-laser.fr\/wp-content\/uploads\/2025\/06\/20250603_163311-350x467.jpg 350w, https:\/\/www.sirius-laser.fr\/wp-content\/uploads\/2025\/06\/20250603_163311-480x640.jpg 480w, https:\/\/www.sirius-laser.fr\/wp-content\/uploads\/2025\/06\/20250603_163311-scaled.jpg 1920w\" sizes=\"(max-width: 768px) 100vw, 768px\" \/>\t\t\t\t\t\t\t\t<\/a>\n\t\t\t\t\t\t\t\t\t\t\t<figcaption class=\"widget-image-caption wp-caption-text\">St\u00e8le comm\u00e9morative<\/figcaption>\n\t\t\t\t\t\t\t\t\t\t<\/figure>\n\t\t\t\t\t\t\t\t\t<\/div>\n\t\t\t\t<\/div>\n\t\t\t\t<div class=\"elementor-element elementor-element-d7cea7a elementor-widget elementor-widget-image\" data-id=\"d7cea7a\" data-element_type=\"widget\" data-e-type=\"widget\" data-widget_type=\"image.default\">\n\t\t\t\t<div class=\"elementor-widget-container\">\n\t\t\t\t\t\t\t\t\t\t\t\t<figure class=\"wp-caption\">\n\t\t\t\t\t\t\t\t\t\t\t<a href=\"https:\/\/www.sirius-laser.fr\/wp-content\/uploads\/2026\/04\/20251117_115042-rotated.jpg\" data-elementor-open-lightbox=\"yes\" data-elementor-lightbox-title=\"20251117_115042\" data-e-action-hash=\"#elementor-action%3Aaction%3Dlightbox%26settings%3DeyJpZCI6MjY2NCwidXJsIjoiaHR0cHM6XC9cL3d3dy5zaXJpdXMtbGFzZXIuZnJcL3dwLWNvbnRlbnRcL3VwbG9hZHNcLzIwMjZcLzA0XC8yMDI1MTExN18xMTUwNDItcm90YXRlZC5qcGcifQ%3D%3D\">\n\t\t\t\t\t\t\t<img loading=\"lazy\" decoding=\"async\" width=\"768\" height=\"1024\" src=\"https:\/\/www.sirius-laser.fr\/wp-content\/uploads\/2026\/04\/20251117_115042-768x1024.jpg\" class=\"attachment-large size-large wp-image-2664\" alt=\"\" srcset=\"https:\/\/www.sirius-laser.fr\/wp-content\/uploads\/2026\/04\/20251117_115042-768x1024.jpg 768w, https:\/\/www.sirius-laser.fr\/wp-content\/uploads\/2026\/04\/20251117_115042-225x300.jpg 225w, https:\/\/www.sirius-laser.fr\/wp-content\/uploads\/2026\/04\/20251117_115042-1152x1536.jpg 1152w, https:\/\/www.sirius-laser.fr\/wp-content\/uploads\/2026\/04\/20251117_115042-1000x1334.jpg 1000w, https:\/\/www.sirius-laser.fr\/wp-content\/uploads\/2026\/04\/20251117_115042-230x307.jpg 230w, https:\/\/www.sirius-laser.fr\/wp-content\/uploads\/2026\/04\/20251117_115042-350x467.jpg 350w, https:\/\/www.sirius-laser.fr\/wp-content\/uploads\/2026\/04\/20251117_115042-480x640.jpg 480w, https:\/\/www.sirius-laser.fr\/wp-content\/uploads\/2026\/04\/20251117_115042-rotated.jpg 1177w\" sizes=\"(max-width: 768px) 100vw, 768px\" \/>\t\t\t\t\t\t\t\t<\/a>\n\t\t\t\t\t\t\t\t\t\t\t<figcaption class=\"widget-image-caption wp-caption-text\">UDAP - Tuile m\u00e9di\u00e9vale<\/figcaption>\n\t\t\t\t\t\t\t\t\t\t<\/figure>\n\t\t\t\t\t\t\t\t\t<\/div>\n\t\t\t\t<\/div>\n\t\t\t\t\t<\/div>\n\t\t\t\t<\/div>\n\t\t<div class=\"elementor-element elementor-element-0eb5c70 e-flex e-con-boxed e-con e-parent\" data-id=\"0eb5c70\" data-element_type=\"container\" data-e-type=\"container\">\n\t\t\t\t\t<div class=\"e-con-inner\">\n\t\t\t\t<div class=\"elementor-element elementor-element-20a0bcb elementor-align-center elementor-widget elementor-widget-button\" data-id=\"20a0bcb\" data-element_type=\"widget\" data-e-type=\"widget\" data-widget_type=\"button.default\">\n\t\t\t\t<div class=\"elementor-widget-container\">\n\t\t\t\t\t\t\t\t\t<div class=\"elementor-button-wrapper\">\n\t\t\t\t\t<a class=\"elementor-button elementor-button-link elementor-size-sm\" href=\"https:\/\/www.instagram.com\/sirius_laser.fr\/?hl=fr\" target=\"_blank\">\n\t\t\t\t\t\t<span class=\"elementor-button-content-wrapper\">\n\t\t\t\t\t\t<span class=\"elementor-button-icon\">\n\t\t\t\t<svg aria-hidden=\"true\" class=\"e-font-icon-svg e-fab-instagram\" viewBox=\"0 0 448 512\" xmlns=\"http:\/\/www.w3.org\/2000\/svg\"><path d=\"M224.1 141c-63.6 0-114.9 51.3-114.9 114.9s51.3 114.9 114.9 114.9S339 319.5 339 255.9 287.7 141 224.1 141zm0 189.6c-41.1 0-74.7-33.5-74.7-74.7s33.5-74.7 74.7-74.7 74.7 33.5 74.7 74.7-33.6 74.7-74.7 74.7zm146.4-194.3c0 14.9-12 26.8-26.8 26.8-14.9 0-26.8-12-26.8-26.8s12-26.8 26.8-26.8 26.8 12 26.8 26.8zm76.1 27.2c-1.7-35.9-9.9-67.7-36.2-93.9-26.2-26.2-58-34.4-93.9-36.2-37-2.1-147.9-2.1-184.9 0-35.8 1.7-67.6 9.9-93.9 36.1s-34.4 58-36.2 93.9c-2.1 37-2.1 147.9 0 184.9 1.7 35.9 9.9 67.7 36.2 93.9s58 34.4 93.9 36.2c37 2.1 147.9 2.1 184.9 0 35.9-1.7 67.7-9.9 93.9-36.2 26.2-26.2 34.4-58 36.2-93.9 2.1-37 2.1-147.8 0-184.8zM398.8 388c-7.8 19.6-22.9 34.7-42.6 42.6-29.5 11.7-99.5 9-132.1 9s-102.7 2.6-132.1-9c-19.6-7.8-34.7-22.9-42.6-42.6-11.7-29.5-9-99.5-9-132.1s-2.6-102.7 9-132.1c7.8-19.6 22.9-34.7 42.6-42.6 29.5-11.7 99.5-9 132.1-9s102.7-2.6 132.1 9c19.6 7.8 34.7 22.9 42.6 42.6 11.7 29.5 9 99.5 9 132.1s2.7 102.7-9 132.1z\"><\/path><\/svg>\t\t\t<\/span>\n\t\t\t\t\t\t\t\t\t<span class=\"elementor-button-text\">Davantage de vid\u00e9os sur la page Instagram, cliquez ici<\/span>\n\t\t\t\t\t<\/span>\n\t\t\t\t\t<\/a>\n\t\t\t\t<\/div>\n\t\t\t\t\t\t\t\t<\/div>\n\t\t\t\t<\/div>\n\t\t\t\t\t<\/div>\n\t\t\t\t<\/div>\n\t\t\t\t<\/div>\n\t\t","protected":false},"excerpt":{"rendered":"<p>Chemin\u00e9e XVIIIe Chemin\u00e9e XVIIIe Chemin\u00e9e XVIIIe Chemin\u00e9e XVIIIe St\u00e8le comm\u00e9morative UDAP &#8211; Tuile m\u00e9di\u00e9vale Davantage de vid\u00e9os sur la page Instagram, cliquez ici<\/p>\n","protected":false},"author":1,"featured_media":0,"parent":0,"menu_order":0,"comment_status":"closed","ping_status":"closed","template":"","meta":{"footnotes":""},"class_list":["post-2603","page","type-page","status-publish","hentry"],"_links":{"self":[{"href":"https:\/\/www.sirius-laser.fr\/index.php\/wp-json\/wp\/v2\/pages\/2603","targetHints":{"allow":["GET"]}}],"collection":[{"href":"https:\/\/www.sirius-laser.fr\/index.php\/wp-json\/wp\/v2\/pages"}],"about":[{"href":"https:\/\/www.sirius-laser.fr\/index.php\/wp-json\/wp\/v2\/types\/page"}],"author":[{"embeddable":true,"href":"https:\/\/www.sirius-laser.fr\/index.php\/wp-json\/wp\/v2\/users\/1"}],"replies":[{"embeddable":true,"href":"https:\/\/www.sirius-laser.fr\/index.php\/wp-json\/wp\/v2\/comments?post=2603"}],"version-history":[{"count":10,"href":"https:\/\/www.sirius-laser.fr\/index.php\/wp-json\/wp\/v2\/pages\/2603\/revisions"}],"predecessor-version":[{"id":2675,"href":"https:\/\/www.sirius-laser.fr\/index.php\/wp-json\/wp\/v2\/pages\/2603\/revisions\/2675"}],"wp:attachment":[{"href":"https:\/\/www.sirius-laser.fr\/index.php\/wp-json\/wp\/v2\/media?parent=2603"}],"curies":[{"name":"wp","href":"https:\/\/api.w.org\/{rel}","templated":true}]}}