{"id":2269,"date":"2026-04-15T15:30:38","date_gmt":"2026-04-15T13:30:38","guid":{"rendered":"https:\/\/www.sirius-laser.fr\/?page_id=2269"},"modified":"2026-04-15T22:14:52","modified_gmt":"2026-04-15T20:14:52","slug":"certifications-et-reglementation","status":"publish","type":"page","link":"https:\/\/www.sirius-laser.fr\/index.php\/certifications-et-reglementation\/","title":{"rendered":"Certifications et r\u00e9glementation"},"content":{"rendered":"\t\t<div data-elementor-type=\"wp-page\" data-elementor-id=\"2269\" class=\"elementor elementor-2269\">\n\t\t\t\t<div class=\"elementor-element elementor-element-7a89362 e-flex e-con-boxed e-con e-parent\" data-id=\"7a89362\" data-element_type=\"container\" data-e-type=\"container\">\n\t\t\t\t\t<div class=\"e-con-inner\">\n\t\t\t\t<div class=\"elementor-element elementor-element-ced8ac2 elementor-widget elementor-widget-spacer\" data-id=\"ced8ac2\" data-element_type=\"widget\" data-e-type=\"widget\" data-widget_type=\"spacer.default\">\n\t\t\t\t<div class=\"elementor-widget-container\">\n\t\t\t\t\t\t\t<div class=\"elementor-spacer\">\n\t\t\t<div class=\"elementor-spacer-inner\"><\/div>\n\t\t<\/div>\n\t\t\t\t\t\t<\/div>\n\t\t\t\t<\/div>\n\t\t\t\t\t<\/div>\n\t\t\t\t<\/div>\n\t\t<div class=\"elementor-element elementor-element-7226f9e e-con-full e-flex e-con e-parent\" data-id=\"7226f9e\" data-element_type=\"container\" data-e-type=\"container\">\n\t\t<div class=\"elementor-element elementor-element-24f63bb e-con-full e-flex e-con e-child\" data-id=\"24f63bb\" data-element_type=\"container\" data-e-type=\"container\">\n\t\t\t\t<div class=\"elementor-element elementor-element-60d56dc elementor-widget elementor-widget-image\" data-id=\"60d56dc\" data-element_type=\"widget\" data-e-type=\"widget\" data-widget_type=\"image.default\">\n\t\t\t\t<div class=\"elementor-widget-container\">\n\t\t\t\t\t\t\t\t\t\t\t\t\t\t\t<img fetchpriority=\"high\" decoding=\"async\" width=\"900\" height=\"600\" src=\"https:\/\/www.sirius-laser.fr\/wp-content\/uploads\/2026\/04\/Flag_of_Europe.svg\" class=\"attachment-large size-large wp-image-2478\" alt=\"\" \/>\t\t\t\t\t\t\t\t\t\t\t\t\t\t\t<\/div>\n\t\t\t\t<\/div>\n\t\t\t\t<\/div>\n\t\t<div class=\"elementor-element elementor-element-2cd0b41 e-con-full e-flex e-con e-child\" data-id=\"2cd0b41\" data-element_type=\"container\" data-e-type=\"container\">\n\t\t<div class=\"elementor-element elementor-element-5be7cb8 e-con-full e-flex e-con e-child\" data-id=\"5be7cb8\" data-element_type=\"container\" data-e-type=\"container\">\n\t\t\t\t<div class=\"elementor-element elementor-element-76be3ca elementor-widget elementor-widget-text-editor\" data-id=\"76be3ca\" data-element_type=\"widget\" data-e-type=\"widget\" data-widget_type=\"text-editor.default\">\n\t\t\t\t<div class=\"elementor-widget-container\">\n\t\t\t\t\t\t\t\t\t<h2><strong>\u00a0 \u00a0 \u00a0 Certifications et r\u00e9glementation\u00a0<\/strong> \u00a0 \u00a0 \u00a0 \u00a0 \u00a0 \u00a0 \u00a0 \u00a0 \u00a0 \u00a0 \u00a0 \u00a0 \u00a0 \u00a0 \u00a0 \u00a0 \u00a0 \u00a0 \u00a0\u00a0<\/h2>\t\t\t\t\t\t\t\t<\/div>\n\t\t\t\t<\/div>\n\t\t\t\t<\/div>\n\t\t\t\t<\/div>\n\t\t\t\t<\/div>\n\t\t<div class=\"elementor-element elementor-element-c5f4956 e-flex e-con-boxed e-con e-parent\" data-id=\"c5f4956\" data-element_type=\"container\" data-e-type=\"container\">\n\t\t\t\t\t<div class=\"e-con-inner\">\n\t\t\t\t<div class=\"elementor-element elementor-element-634ff04 elementor-widget-divider--view-line elementor-widget elementor-widget-divider\" data-id=\"634ff04\" data-element_type=\"widget\" data-e-type=\"widget\" data-widget_type=\"divider.default\">\n\t\t\t\t<div class=\"elementor-widget-container\">\n\t\t\t\t\t\t\t<div class=\"elementor-divider\">\n\t\t\t<span class=\"elementor-divider-separator\">\n\t\t\t\t\t\t<\/span>\n\t\t<\/div>\n\t\t\t\t\t\t<\/div>\n\t\t\t\t<\/div>\n\t\t\t\t\t<\/div>\n\t\t\t\t<\/div>\n\t\t<div class=\"elementor-element elementor-element-afe975f e-flex e-con-boxed e-con e-parent\" data-id=\"afe975f\" data-element_type=\"container\" data-e-type=\"container\">\n\t\t\t\t\t<div class=\"e-con-inner\">\n\t\t<div class=\"elementor-element elementor-element-1d4f5d5 e-con-full e-flex e-con e-child\" data-id=\"1d4f5d5\" data-element_type=\"container\" data-e-type=\"container\">\n\t\t\t\t<div class=\"elementor-element elementor-element-891e291 elementor-widget elementor-widget-image\" data-id=\"891e291\" data-element_type=\"widget\" data-e-type=\"widget\" data-widget_type=\"image.default\">\n\t\t\t\t<div class=\"elementor-widget-container\">\n\t\t\t\t\t\t\t\t\t\t\t\t\t\t\t<img decoding=\"async\" width=\"800\" height=\"271\" src=\"https:\/\/www.sirius-laser.fr\/wp-content\/uploads\/2026\/04\/SIFR_SDE061_std.lang_.all_.gif\" class=\"attachment-large size-large wp-image-2459\" alt=\"\" \/>\t\t\t\t\t\t\t\t\t\t\t\t\t\t\t<\/div>\n\t\t\t\t<\/div>\n\t\t\t\t<\/div>\n\t\t<div class=\"elementor-element elementor-element-7528665 e-con-full e-flex e-con e-child\" data-id=\"7528665\" data-element_type=\"container\" data-e-type=\"container\">\n\t\t\t\t<div class=\"elementor-element elementor-element-ab1ee08 elementor-widget elementor-widget-text-editor\" data-id=\"ab1ee08\" data-element_type=\"widget\" data-e-type=\"widget\" data-widget_type=\"text-editor.default\">\n\t\t\t\t<div class=\"elementor-widget-container\">\n\t\t\t\t\t\t\t\t\t<p>\u00a0 \u00a0 \u00a0Nous sommes form\u00e9s au risque LASER et titulaires de l&rsquo;habilitation PCSL\u00a0 niveau 3\u00a0 \u00a0 \u00a0 \u00a0 \u00a0 \u00a0 \u00a0 \u00a0 \u00a0 ( personne comp\u00e9tente en s\u00e9curit\u00e9 laser) conform\u00e9ment aux r\u00e9glementations Nationales\u00a0 \u00a0 \u00a0 \u00a0et Europ\u00e9ennes :<\/p><ul><li>Directive N\u00b02006\/25\/ CE relative \u00e0 la s\u00e9curit\u00e9 des rayonnements optiques artificiels<\/li><li>D\u00e9cret N\u00b0 2010-750 du 2 juillet 2010, mesures et moyens de protection<\/li><li>D\u00e9cret N)2007-665 du 2 mai 2007 relatif \u00e0 la s\u00e9curit\u00e9 des appareils LASER<\/li><\/ul>\t\t\t\t\t\t\t\t<\/div>\n\t\t\t\t<\/div>\n\t\t\t\t<\/div>\n\t\t\t\t\t<\/div>\n\t\t\t\t<\/div>\n\t\t<div class=\"elementor-element elementor-element-2707634 e-flex e-con-boxed e-con e-parent\" data-id=\"2707634\" data-element_type=\"container\" data-e-type=\"container\">\n\t\t\t\t\t<div class=\"e-con-inner\">\n\t\t\t\t<div class=\"elementor-element elementor-element-502cfee elementor-widget-divider--view-line elementor-widget elementor-widget-divider\" data-id=\"502cfee\" data-element_type=\"widget\" data-e-type=\"widget\" data-widget_type=\"divider.default\">\n\t\t\t\t<div class=\"elementor-widget-container\">\n\t\t\t\t\t\t\t<div class=\"elementor-divider\">\n\t\t\t<span class=\"elementor-divider-separator\">\n\t\t\t\t\t\t<\/span>\n\t\t<\/div>\n\t\t\t\t\t\t<\/div>\n\t\t\t\t<\/div>\n\t\t\t\t\t<\/div>\n\t\t\t\t<\/div>\n\t\t<div class=\"elementor-element elementor-element-2b75a85 e-con-full e-flex e-con e-parent\" data-id=\"2b75a85\" data-element_type=\"container\" data-e-type=\"container\">\n\t\t<div class=\"elementor-element elementor-element-a6c41d2 e-con-full e-flex e-con e-child\" data-id=\"a6c41d2\" data-element_type=\"container\" data-e-type=\"container\">\n\t\t\t\t<div class=\"elementor-element elementor-element-7ac7959 elementor-widget elementor-widget-image\" data-id=\"7ac7959\" data-element_type=\"widget\" data-e-type=\"widget\" data-widget_type=\"image.default\">\n\t\t\t\t<div class=\"elementor-widget-container\">\n\t\t\t\t\t\t\t\t\t\t\t\t\t\t\t<img decoding=\"async\" width=\"793\" height=\"670\" src=\"https:\/\/www.sirius-laser.fr\/wp-content\/uploads\/2026\/04\/Formation-Sensibilisation-Risque-Plomb-Operateur-\u2013-Executant-\u2013-Intervenant-NIVEAU-1.jpg\" class=\"attachment-large size-large wp-image-2460\" alt=\"\" srcset=\"https:\/\/www.sirius-laser.fr\/wp-content\/uploads\/2026\/04\/Formation-Sensibilisation-Risque-Plomb-Operateur-\u2013-Executant-\u2013-Intervenant-NIVEAU-1.jpg 793w, https:\/\/www.sirius-laser.fr\/wp-content\/uploads\/2026\/04\/Formation-Sensibilisation-Risque-Plomb-Operateur-\u2013-Executant-\u2013-Intervenant-NIVEAU-1-300x253.jpg 300w, https:\/\/www.sirius-laser.fr\/wp-content\/uploads\/2026\/04\/Formation-Sensibilisation-Risque-Plomb-Operateur-\u2013-Executant-\u2013-Intervenant-NIVEAU-1-768x649.jpg 768w, https:\/\/www.sirius-laser.fr\/wp-content\/uploads\/2026\/04\/Formation-Sensibilisation-Risque-Plomb-Operateur-\u2013-Executant-\u2013-Intervenant-NIVEAU-1-230x194.jpg 230w, https:\/\/www.sirius-laser.fr\/wp-content\/uploads\/2026\/04\/Formation-Sensibilisation-Risque-Plomb-Operateur-\u2013-Executant-\u2013-Intervenant-NIVEAU-1-350x296.jpg 350w, https:\/\/www.sirius-laser.fr\/wp-content\/uploads\/2026\/04\/Formation-Sensibilisation-Risque-Plomb-Operateur-\u2013-Executant-\u2013-Intervenant-NIVEAU-1-480x406.jpg 480w\" sizes=\"(max-width: 793px) 100vw, 793px\" \/>\t\t\t\t\t\t\t\t\t\t\t\t\t\t\t<\/div>\n\t\t\t\t<\/div>\n\t\t\t\t<\/div>\n\t\t<div class=\"elementor-element elementor-element-ae68a4c e-con-full e-flex e-con e-child\" data-id=\"ae68a4c\" data-element_type=\"container\" data-e-type=\"container\">\n\t\t\t\t<div class=\"elementor-element elementor-element-e14be16 elementor-widget elementor-widget-text-editor\" data-id=\"e14be16\" data-element_type=\"widget\" data-e-type=\"widget\" data-widget_type=\"text-editor.default\">\n\t\t\t\t<div class=\"elementor-widget-container\">\n\t\t\t\t\t\t\t\t\t<p>\u00a0 \u00a0 \u00a0 Formation au risque Plomb-Silice-Amiante conform\u00e9ment aux articles R.4412-87 et suivants\u00a0 \u00a0 \u00a0 \u00a0 \u00a0du Code du travail<\/p><p><strong>\u00a0 \u00a0 \u00a0 \u00a0 \u00a0 \u00a0 \u00a0 \u00a0 \u00a0 \u00a0 \u00a0 \u00a0 \u00a0 \u00a0 \u00a0 \u00a0 \u00a0 \u00a0 EN COURS<\/strong><\/p>\t\t\t\t\t\t\t\t<\/div>\n\t\t\t\t<\/div>\n\t\t\t\t<\/div>\n\t\t\t\t<\/div>\n\t\t<div class=\"elementor-element elementor-element-1efa12a e-flex e-con-boxed e-con e-parent\" data-id=\"1efa12a\" data-element_type=\"container\" data-e-type=\"container\">\n\t\t\t\t\t<div class=\"e-con-inner\">\n\t\t\t\t<div class=\"elementor-element elementor-element-e296bb8 elementor-widget-divider--view-line elementor-widget elementor-widget-divider\" data-id=\"e296bb8\" data-element_type=\"widget\" data-e-type=\"widget\" data-widget_type=\"divider.default\">\n\t\t\t\t<div class=\"elementor-widget-container\">\n\t\t\t\t\t\t\t<div class=\"elementor-divider\">\n\t\t\t<span class=\"elementor-divider-separator\">\n\t\t\t\t\t\t<\/span>\n\t\t<\/div>\n\t\t\t\t\t\t<\/div>\n\t\t\t\t<\/div>\n\t\t\t\t\t<\/div>\n\t\t\t\t<\/div>\n\t\t<div class=\"elementor-element elementor-element-73c51a6 e-grid e-con-boxed e-con e-parent\" data-id=\"73c51a6\" data-element_type=\"container\" data-e-type=\"container\">\n\t\t\t\t\t<div class=\"e-con-inner\">\n\t\t\t\t<div class=\"elementor-element elementor-element-39a818d elementor-widget elementor-widget-image\" data-id=\"39a818d\" data-element_type=\"widget\" data-e-type=\"widget\" data-widget_type=\"image.default\">\n\t\t\t\t<div class=\"elementor-widget-container\">\n\t\t\t\t\t\t\t\t\t\t\t\t\t\t\t<img loading=\"lazy\" decoding=\"async\" width=\"400\" height=\"172\" src=\"https:\/\/www.sirius-laser.fr\/wp-content\/uploads\/2026\/04\/CNSO.webp\" class=\"attachment-large size-large wp-image-2463\" alt=\"\" srcset=\"https:\/\/www.sirius-laser.fr\/wp-content\/uploads\/2026\/04\/CNSO.webp 400w, https:\/\/www.sirius-laser.fr\/wp-content\/uploads\/2026\/04\/CNSO-300x129.webp 300w, https:\/\/www.sirius-laser.fr\/wp-content\/uploads\/2026\/04\/CNSO-230x99.webp 230w, https:\/\/www.sirius-laser.fr\/wp-content\/uploads\/2026\/04\/CNSO-350x151.webp 350w\" sizes=\"(max-width: 400px) 100vw, 400px\" \/>\t\t\t\t\t\t\t\t\t\t\t\t\t\t\t<\/div>\n\t\t\t\t<\/div>\n\t\t\t\t<div class=\"elementor-element elementor-element-9eb8f5c elementor-widget elementor-widget-image\" data-id=\"9eb8f5c\" data-element_type=\"widget\" data-e-type=\"widget\" data-widget_type=\"image.default\">\n\t\t\t\t<div class=\"elementor-widget-container\">\n\t\t\t\t\t\t\t\t\t\t\t\t\t\t\t<img loading=\"lazy\" decoding=\"async\" width=\"650\" height=\"79\" src=\"https:\/\/www.sirius-laser.fr\/wp-content\/uploads\/2026\/04\/element_graphique_3.webp\" class=\"attachment-large size-large wp-image-2438\" alt=\"\" srcset=\"https:\/\/www.sirius-laser.fr\/wp-content\/uploads\/2026\/04\/element_graphique_3.webp 650w, https:\/\/www.sirius-laser.fr\/wp-content\/uploads\/2026\/04\/element_graphique_3-300x36.webp 300w, https:\/\/www.sirius-laser.fr\/wp-content\/uploads\/2026\/04\/element_graphique_3-230x28.webp 230w, https:\/\/www.sirius-laser.fr\/wp-content\/uploads\/2026\/04\/element_graphique_3-350x43.webp 350w, https:\/\/www.sirius-laser.fr\/wp-content\/uploads\/2026\/04\/element_graphique_3-480x58.webp 480w\" sizes=\"(max-width: 650px) 100vw, 650px\" \/>\t\t\t\t\t\t\t\t\t\t\t\t\t\t\t<\/div>\n\t\t\t\t<\/div>\n\t\t\t\t<div class=\"elementor-element elementor-element-88c87d9 elementor-widget elementor-widget-image\" data-id=\"88c87d9\" data-element_type=\"widget\" data-e-type=\"widget\" data-widget_type=\"image.default\">\n\t\t\t\t<div class=\"elementor-widget-container\">\n\t\t\t\t\t\t\t\t\t\t\t\t\t\t\t<img loading=\"lazy\" decoding=\"async\" width=\"1024\" height=\"473\" src=\"https:\/\/www.sirius-laser.fr\/wp-content\/uploads\/2024\/08\/laserConseil_logo_cmjn-1024x473.png\" class=\"attachment-large size-large wp-image-1138\" alt=\"\" srcset=\"https:\/\/www.sirius-laser.fr\/wp-content\/uploads\/2024\/08\/laserConseil_logo_cmjn-1024x473.png 1024w, https:\/\/www.sirius-laser.fr\/wp-content\/uploads\/2024\/08\/laserConseil_logo_cmjn-300x139.png 300w, https:\/\/www.sirius-laser.fr\/wp-content\/uploads\/2024\/08\/laserConseil_logo_cmjn-768x355.png 768w, https:\/\/www.sirius-laser.fr\/wp-content\/uploads\/2024\/08\/laserConseil_logo_cmjn-1536x710.png 1536w, https:\/\/www.sirius-laser.fr\/wp-content\/uploads\/2024\/08\/laserConseil_logo_cmjn-2048x947.png 2048w, https:\/\/www.sirius-laser.fr\/wp-content\/uploads\/2024\/08\/laserConseil_logo_cmjn-1000x462.png 1000w, https:\/\/www.sirius-laser.fr\/wp-content\/uploads\/2024\/08\/laserConseil_logo_cmjn-230x106.png 230w, https:\/\/www.sirius-laser.fr\/wp-content\/uploads\/2024\/08\/laserConseil_logo_cmjn-350x162.png 350w, https:\/\/www.sirius-laser.fr\/wp-content\/uploads\/2024\/08\/laserConseil_logo_cmjn-480x222.png 480w\" sizes=\"(max-width: 1024px) 100vw, 1024px\" \/>\t\t\t\t\t\t\t\t\t\t\t\t\t\t\t<\/div>\n\t\t\t\t<\/div>\n\t\t\t\t<div class=\"elementor-element elementor-element-81072ea elementor-widget elementor-widget-image\" data-id=\"81072ea\" data-element_type=\"widget\" data-e-type=\"widget\" data-widget_type=\"image.default\">\n\t\t\t\t<div class=\"elementor-widget-container\">\n\t\t\t\t\t\t\t\t\t\t\t\t\t\t\t<img loading=\"lazy\" decoding=\"async\" width=\"1024\" height=\"290\" src=\"https:\/\/www.sirius-laser.fr\/wp-content\/uploads\/2026\/04\/logo-ifrb-home-lg-1024x290.png\" class=\"attachment-large size-large wp-image-2464\" alt=\"\" srcset=\"https:\/\/www.sirius-laser.fr\/wp-content\/uploads\/2026\/04\/logo-ifrb-home-lg-1024x290.png 1024w, https:\/\/www.sirius-laser.fr\/wp-content\/uploads\/2026\/04\/logo-ifrb-home-lg-300x85.png 300w, https:\/\/www.sirius-laser.fr\/wp-content\/uploads\/2026\/04\/logo-ifrb-home-lg-768x217.png 768w, https:\/\/www.sirius-laser.fr\/wp-content\/uploads\/2026\/04\/logo-ifrb-home-lg-1000x283.png 1000w, https:\/\/www.sirius-laser.fr\/wp-content\/uploads\/2026\/04\/logo-ifrb-home-lg-230x65.png 230w, https:\/\/www.sirius-laser.fr\/wp-content\/uploads\/2026\/04\/logo-ifrb-home-lg-350x99.png 350w, https:\/\/www.sirius-laser.fr\/wp-content\/uploads\/2026\/04\/logo-ifrb-home-lg-480x136.png 480w, https:\/\/www.sirius-laser.fr\/wp-content\/uploads\/2026\/04\/logo-ifrb-home-lg.png 1060w\" sizes=\"(max-width: 1024px) 100vw, 1024px\" \/>\t\t\t\t\t\t\t\t\t\t\t\t\t\t\t<\/div>\n\t\t\t\t<\/div>\n\t\t\t\t\t<\/div>\n\t\t\t\t<\/div>\n\t\t\t\t<\/div>\n\t\t","protected":false},"excerpt":{"rendered":"<p>\u00a0 \u00a0 \u00a0 Certifications et r\u00e9glementation\u00a0 \u00a0 \u00a0 \u00a0 \u00a0 \u00a0 \u00a0 \u00a0 \u00a0 \u00a0 \u00a0 \u00a0 \u00a0 \u00a0 \u00a0 \u00a0 \u00a0 \u00a0 \u00a0 \u00a0\u00a0 [&hellip;]<\/p>\n","protected":false},"author":1,"featured_media":0,"parent":0,"menu_order":0,"comment_status":"closed","ping_status":"closed","template":"page-templates\/page_front-page.php","meta":{"footnotes":""},"class_list":["post-2269","page","type-page","status-publish","hentry"],"_links":{"self":[{"href":"https:\/\/www.sirius-laser.fr\/index.php\/wp-json\/wp\/v2\/pages\/2269","targetHints":{"allow":["GET"]}}],"collection":[{"href":"https:\/\/www.sirius-laser.fr\/index.php\/wp-json\/wp\/v2\/pages"}],"about":[{"href":"https:\/\/www.sirius-laser.fr\/index.php\/wp-json\/wp\/v2\/types\/page"}],"author":[{"embeddable":true,"href":"https:\/\/www.sirius-laser.fr\/index.php\/wp-json\/wp\/v2\/users\/1"}],"replies":[{"embeddable":true,"href":"https:\/\/www.sirius-laser.fr\/index.php\/wp-json\/wp\/v2\/comments?post=2269"}],"version-history":[{"count":25,"href":"https:\/\/www.sirius-laser.fr\/index.php\/wp-json\/wp\/v2\/pages\/2269\/revisions"}],"predecessor-version":[{"id":2565,"href":"https:\/\/www.sirius-laser.fr\/index.php\/wp-json\/wp\/v2\/pages\/2269\/revisions\/2565"}],"wp:attachment":[{"href":"https:\/\/www.sirius-laser.fr\/index.php\/wp-json\/wp\/v2\/media?parent=2269"}],"curies":[{"name":"wp","href":"https:\/\/api.w.org\/{rel}","templated":true}]}}